{"id":92,"date":"2016-02-04T16:59:53","date_gmt":"2016-02-04T15:59:53","guid":{"rendered":"https:\/\/www.pib-janssen.de\/brandschutz\/?page_id=92"},"modified":"2016-02-11T15:43:41","modified_gmt":"2016-02-11T14:43:41","slug":"impressum","status":"publish","type":"page","link":"https:\/\/www.pib-janssen.de\/brandschutz\/impressum\/","title":{"rendered":"Impressum"},"content":{"rendered":"<p><strong>Planungs- und Ingenieurb\u00fcro Jan\u00dfen<\/strong><br \/>\nInhaber: Dipl.-Ing. Gerd Jan\u00dfen<br \/>\nBrunnenstra\u00dfe 68<br \/>\n07580 Ronneburg<\/p>\n<p>&nbsp;<\/p>\n<p>Telefon 03 66 02 \/ 51 19 88<br \/>\nTelefax 03 66 02 \/ 51 19 90<br \/>\nE-Mail info@pib-janssen.de<\/p>\n<p>&nbsp;<\/p>\n<p><strong>Steuer-Nr.:<\/strong> 161 \/ 236 \/ 06276<\/p>\n<p>&nbsp;<\/p>\n<p><b>Verantwortlich f\u00fcr den Inhalt nach \u00a7 55 Abs. 2 RStV:<\/b><br \/>\nDipl.-Ing. Gerd Jan\u00dfen<br \/>\nBrunnenstra\u00dfe 68<br \/>\n07580 Ronneburg<\/p>\n<p>&nbsp;<\/p>\n<p><b>Quellenangaben f\u00fcr die verwendeten Bilder und Grafiken:<\/b><\/p>\n<p>\u00a9 MINDWORK Werbeagentur I Am M\u00fchlgraben 4 I 09350 Lichtenstein<\/p>\n<p>\u00a9 rewa Planungsgesellschaft mbH I Am M\u00fchlgraben 4 I 09350 Lichtenstein<\/p>\n<p>\u00a9 Pixabay<\/p>\n<p>\u00a9 Fotolia I 36278307 &#8211; Entrepreneur showing house under construction to couple \u00a9 goodluz, 31654440 \u2013 Karriereplanung \u00a9 Eisenhans<\/p>\n<p>&nbsp;<\/p>\n<p><strong>Haftungsausschluss:<\/strong><\/p>\n<div id=\"haft\"><strong>Haftung f\u00fcr Inhalte<\/strong><br \/>\nAls Diensteanbieter sind wir gem\u00e4\u00df \u00a7 7 Abs.1 TMG f\u00fcr eigene Inhalte auf diesen Seiten nach den allgemeinen Gesetzen verantwortlich. Nach \u00a7\u00a7 8 bis 10 TMG sind wir als Diensteanbieter jedoch nicht verpflichtet, \u00fcbermittelte oder gespeicherte fremde Informationen zu \u00fcberwachen oder nach Umst\u00e4nden zu forschen, die auf eine rechtswidrige T\u00e4tigkeit hinweisen. Verpflichtungen zur Entfernung oder Sperrung der Nutzung von Informationen nach den allgemeinen Gesetzen bleiben hiervon unber\u00fchrt. Eine diesbez\u00fcgliche Haftung ist jedoch erst ab dem Zeitpunkt der Kenntnis einer konkreten Rechtsverletzung m\u00f6glich. Bei Bekanntwerden von entsprechenden Rechtsverletzungen werden wir diese Inhalte umgehend entfernen.<\/div>\n<div><\/div>\n<div><\/div>\n<p>&nbsp;<\/p>\n<div><strong>Haftung f\u00fcr Links<\/strong><br \/>\nUnser Angebot enth\u00e4lt Links zu externen Webseiten Dritter, auf deren Inhalte wir keinen Einfluss haben. Deshalb k\u00f6nnen wir f\u00fcr diese fremden Inhalte auch keine Gew\u00e4hr \u00fcbernehmen. F\u00fcr die Inhalte der verlinkten Seiten ist stets der jeweilige Anbieter oder Betreiber der Seiten verantwortlich. Die verlinkten Seiten wurden zum Zeitpunkt der Verlinkung auf m\u00f6gliche Rechtsverst\u00f6\u00dfe \u00fcberpr\u00fcft. Rechtswidrige Inhalte waren zum Zeitpunkt der Verlinkung nicht erkennbar. Eine permanente inhaltliche Kontrolle der verlinkten Seiten ist jedoch ohne konkrete Anhaltspunkte einer Rechtsverletzung nicht zumutbar. Bei Bekanntwerden von Rechtsverletzungen werden wir derartige Links umgehend entfernen.<\/div>\n<div><\/div>\n<div><\/div>\n<p>&nbsp;<\/p>\n<div><strong>Urheberrecht<\/strong><br \/>\nDie durch die Seitenbetreiber erstellten Inhalte und Werke auf diesen Seiten unterliegen dem deutschen Urheberrecht. Die Vervielf\u00e4ltigung, Bearbeitung, Verbreitung und jede Art der Verwertung au\u00dferhalb der Grenzen des Urheberrechtes bed\u00fcrfen der schriftlichen Zustimmung des jeweiligen Autors bzw. Erstellers. Downloads und Kopien dieser Seite sind nur f\u00fcr den privaten, nicht kommerziellen Gebrauch gestattet. Soweit die Inhalte auf dieser Seite nicht vom Betreiber erstellt wurden, werden die Urheberrechte Dritter beachtet. Insbesondere werden Inhalte Dritter als solche gekennzeichnet. Sollten Sie trotzdem auf eine Urheberrechtsverletzung aufmerksam werden, bitten wir um einen entsprechenden Hinweis. Bei Bekanntwerden von Rechtsverletzungen werden wir derartige Inhalte umgehend entfernen.<br \/>\n<em>Quellen:\u00a0<a href=\"http:\/\/www.e-recht24.de\/muster-disclaimer.html\" target=\"_blank\" rel=\"nofollow\">eRecht24<\/a><\/em><\/div>\n<p>&nbsp;<\/p>\n<p>Konzeption I Layout I Umsetzung<br \/>\n<strong><img loading=\"lazy\" decoding=\"async\" src=\"http:\/\/www.mindwork-agentur.de\/mw.png\" alt=\"\" width=\"16\" height=\"16\" \/>\u00a0<a id=\"mw\" title=\"MINDWORK Werbeagentur\" href=\"http:\/\/www.mindwork-agentur.de\/\" target=\"_blank\">MINDWORK Werbeagentur<\/a><\/strong><\/p>\n<p>&nbsp;<\/p>\n","protected":false},"excerpt":{"rendered":"<p>Planungs- und Ingenieurb\u00fcro Jan\u00dfen Inhaber: Dipl.-Ing. Gerd Jan\u00dfen Brunnenstra\u00dfe 68 07580 Ronneburg &nbsp; Telefon 03 66 02 \/ 51 19 88 Telefax 03 66 02 \/ 51 19 90 E-Mail info@pib-janssen.de &nbsp; Steuer-Nr.: 161 \/ 236 \/ 06276 &nbsp; Verantwortlich f\u00fcr den Inhalt nach \u00a7 55 Abs. 2 RStV: Dipl.-Ing. Gerd Jan\u00dfen Brunnenstra\u00dfe 68 07580 [&hellip;]<\/p>\n","protected":false},"author":2,"featured_media":0,"parent":0,"menu_order":0,"comment_status":"closed","ping_status":"closed","template":"","meta":{"_acf_changed":false,"footnotes":""},"class_list":["post-92","page","type-page","status-publish","hentry"],"acf":[],"_links":{"self":[{"href":"https:\/\/www.pib-janssen.de\/brandschutz\/wp-json\/wp\/v2\/pages\/92","targetHints":{"allow":["GET"]}}],"collection":[{"href":"https:\/\/www.pib-janssen.de\/brandschutz\/wp-json\/wp\/v2\/pages"}],"about":[{"href":"https:\/\/www.pib-janssen.de\/brandschutz\/wp-json\/wp\/v2\/types\/page"}],"author":[{"embeddable":true,"href":"https:\/\/www.pib-janssen.de\/brandschutz\/wp-json\/wp\/v2\/users\/2"}],"replies":[{"embeddable":true,"href":"https:\/\/www.pib-janssen.de\/brandschutz\/wp-json\/wp\/v2\/comments?post=92"}],"version-history":[{"count":14,"href":"https:\/\/www.pib-janssen.de\/brandschutz\/wp-json\/wp\/v2\/pages\/92\/revisions"}],"predecessor-version":[{"id":347,"href":"https:\/\/www.pib-janssen.de\/brandschutz\/wp-json\/wp\/v2\/pages\/92\/revisions\/347"}],"wp:attachment":[{"href":"https:\/\/www.pib-janssen.de\/brandschutz\/wp-json\/wp\/v2\/media?parent=92"}],"curies":[{"name":"wp","href":"https:\/\/api.w.org\/{rel}","templated":true}]}}