{"id":5,"date":"2016-01-30T16:41:22","date_gmt":"2016-01-30T15:41:22","guid":{"rendered":"https:\/\/www.pib-janssen.de\/bauplanung\/buero\/"},"modified":"2016-02-15T09:06:02","modified_gmt":"2016-02-15T08:06:02","slug":"buero","status":"publish","type":"page","link":"https:\/\/www.pib-janssen.de\/bauplanung\/buero","title":{"rendered":"B\u00fcro"},"content":{"rendered":"<p style=\"text-align: justify;\">Wir, das Team des Planungs- und Ingenieurb\u00fcros Jan\u00dfen, sind seit 1999 Ihr regionaler Partner zur Umsetzung von Vorhaben des Gesellschafts-, Wohn- und Gewerbebaus. Unser erfahrenes Team aus Architekten, Bauingenieuren und Technischen Mitarbeitern betreut Sie umfassend und fachlich fundiert bei der Planung und Umsetzung Ihres Vorhabens, egal ob Neubau, Umbau oder Sanierung. Wir verstehen uns dabei als komplex denkende Baumeister, die alle gestalterischen, technischen und wirtschaftlichen Aspekte einer Bauma\u00dfnahme in einen sinnvollen Einklang bringen.<\/p>\n<p style=\"text-align: justify;\">\n<p style=\"text-align: justify;\">Bei uns sind Sie mit Ihrem Projekt immer sehr willkommen, unabh\u00e4ngig von der Gr\u00f6\u00dfenordnung Ihres Objektes. Einer Vielzahl an \u00f6ffentlichen und privaten Auftraggebern konnten wir bereits erfolgreich zur Seite stehen. Nutzen Sie unsere Erfahrung aus dieser gro\u00dfen Zahl erfolgreich umgesetzter Projekte!<\/p>\n","protected":false},"excerpt":{"rendered":"<p>Wir, das Team des Planungs- und Ingenieurb\u00fcros Jan\u00dfen, sind seit 1999 Ihr regionaler Partner zur Umsetzung von Vorhaben des Gesellschafts-, Wohn- und Gewerbebaus. Unser erfahrenes Team aus Architekten, Bauingenieuren und Technischen Mitarbeitern betreut Sie umfassend und fachlich fundiert bei der Planung und Umsetzung Ihres Vorhabens, egal ob Neubau, Umbau oder Sanierung. Wir verstehen uns dabei [&hellip;]<\/p>\n","protected":false},"author":2,"featured_media":0,"parent":0,"menu_order":0,"comment_status":"closed","ping_status":"closed","template":"template-buero.php","meta":{"_acf_changed":false,"footnotes":""},"class_list":["post-5","page","type-page","status-publish","hentry"],"acf":[],"_links":{"self":[{"href":"https:\/\/www.pib-janssen.de\/bauplanung\/wp-json\/wp\/v2\/pages\/5","targetHints":{"allow":["GET"]}}],"collection":[{"href":"https:\/\/www.pib-janssen.de\/bauplanung\/wp-json\/wp\/v2\/pages"}],"about":[{"href":"https:\/\/www.pib-janssen.de\/bauplanung\/wp-json\/wp\/v2\/types\/page"}],"author":[{"embeddable":true,"href":"https:\/\/www.pib-janssen.de\/bauplanung\/wp-json\/wp\/v2\/users\/2"}],"replies":[{"embeddable":true,"href":"https:\/\/www.pib-janssen.de\/bauplanung\/wp-json\/wp\/v2\/comments?post=5"}],"version-history":[{"count":5,"href":"https:\/\/www.pib-janssen.de\/bauplanung\/wp-json\/wp\/v2\/pages\/5\/revisions"}],"predecessor-version":[{"id":238,"href":"https:\/\/www.pib-janssen.de\/bauplanung\/wp-json\/wp\/v2\/pages\/5\/revisions\/238"}],"wp:attachment":[{"href":"https:\/\/www.pib-janssen.de\/bauplanung\/wp-json\/wp\/v2\/media?parent=5"}],"curies":[{"name":"wp","href":"https:\/\/api.w.org\/{rel}","templated":true}]}}