{"id":26,"date":"2016-02-11T15:50:20","date_gmt":"2016-02-11T14:50:20","guid":{"rendered":"https:\/\/www.pib-janssen.de\/bauplanung\/?page_id=26"},"modified":"2016-02-15T09:05:16","modified_gmt":"2016-02-15T08:05:16","slug":"beratung-planung","status":"publish","type":"page","link":"https:\/\/www.pib-janssen.de\/bauplanung\/leistungen\/beratung-planung","title":{"rendered":"Beratung &#038; Planung"},"content":{"rendered":"<p>&nbsp;<\/p>\n<p style=\"text-align: justify;\">Als Planungs- und Ingenieurb\u00fcro f\u00fchren wir Hochbauplanungen im Gesellschafts-, Wohnungs- und Gewerbebau f\u00fcr \u00f6ffentliche und private Auftraggeber aus. Auch die Planung der Freianlagen k\u00f6nnen in Verbindung mit der Objektplanung durch unser B\u00fcro erbracht werden. Dabei sind wir in allen Leistungsphasen der HOAI t\u00e4tig. Von der umfassenden Beratung und dem Entwurf \u00fcber die Erarbeitung von Genehmigungs- und Ausf\u00fchrungspl\u00e4nen bis zur Bau\u00fcberwachung erhalten Sie fachlich fundierte, gestalterisch ansprechende und wirtschaftlich sinnvolle L\u00f6sungen f\u00fcr Ihr Objekt.<\/p>\n<p style=\"text-align: justify;\">\n<p style=\"text-align: justify;\">Im Zuge der Geb\u00e4udeplanung werden durch das Planungs- und Ingenieurb\u00fcro Jan\u00dfen Fachplanungen auf dem Gebiet des Brand- und W\u00e4rmeschutzes sowie der Tragwerksplanung erbracht.<\/p>\n","protected":false},"excerpt":{"rendered":"<p>&nbsp; Als Planungs- und Ingenieurb\u00fcro f\u00fchren wir Hochbauplanungen im Gesellschafts-, Wohnungs- und Gewerbebau f\u00fcr \u00f6ffentliche und private Auftraggeber aus. Auch die Planung der Freianlagen k\u00f6nnen in Verbindung mit der Objektplanung durch unser B\u00fcro erbracht werden. Dabei sind wir in allen Leistungsphasen der HOAI t\u00e4tig. Von der umfassenden Beratung und dem Entwurf \u00fcber die Erarbeitung von [&hellip;]<\/p>\n","protected":false},"author":2,"featured_media":0,"parent":24,"menu_order":0,"comment_status":"closed","ping_status":"closed","template":"","meta":{"_acf_changed":false,"footnotes":""},"class_list":["post-26","page","type-page","status-publish","hentry"],"acf":[],"_links":{"self":[{"href":"https:\/\/www.pib-janssen.de\/bauplanung\/wp-json\/wp\/v2\/pages\/26","targetHints":{"allow":["GET"]}}],"collection":[{"href":"https:\/\/www.pib-janssen.de\/bauplanung\/wp-json\/wp\/v2\/pages"}],"about":[{"href":"https:\/\/www.pib-janssen.de\/bauplanung\/wp-json\/wp\/v2\/types\/page"}],"author":[{"embeddable":true,"href":"https:\/\/www.pib-janssen.de\/bauplanung\/wp-json\/wp\/v2\/users\/2"}],"replies":[{"embeddable":true,"href":"https:\/\/www.pib-janssen.de\/bauplanung\/wp-json\/wp\/v2\/comments?post=26"}],"version-history":[{"count":4,"href":"https:\/\/www.pib-janssen.de\/bauplanung\/wp-json\/wp\/v2\/pages\/26\/revisions"}],"predecessor-version":[{"id":237,"href":"https:\/\/www.pib-janssen.de\/bauplanung\/wp-json\/wp\/v2\/pages\/26\/revisions\/237"}],"up":[{"embeddable":true,"href":"https:\/\/www.pib-janssen.de\/bauplanung\/wp-json\/wp\/v2\/pages\/24"}],"wp:attachment":[{"href":"https:\/\/www.pib-janssen.de\/bauplanung\/wp-json\/wp\/v2\/media?parent=26"}],"curies":[{"name":"wp","href":"https:\/\/api.w.org\/{rel}","templated":true}]}}